{"id":660,"date":"2022-03-04T10:05:06","date_gmt":"2022-03-04T09:05:06","guid":{"rendered":"https:\/\/www.grafianova.cz\/web\/?page_id=660"},"modified":"2022-03-23T08:14:19","modified_gmt":"2022-03-23T07:14:19","slug":"vsechny-recenze-a-hodnoceni-spoluprace","status":"publish","type":"page","link":"https:\/\/www.grafianova.cz\/web\/vsechny-recenze-a-hodnoceni-spoluprace\/","title":{"rendered":"V\u0161echny recenze a hodnocen\u00ed spolupr\u00e1ce"},"content":{"rendered":"\n[et_pb_section fb_built=&#8220;1&#8243; specialty=&#8220;on&#8220; admin_label=&#8220;Ofsetovy tisk&#8220; _builder_version=&#8220;4.14.7&#8243; _module_preset=&#8220;default&#8220; use_background_color_gradient=&#8220;on&#8220; background_color_gradient_start=&#8220;#ffffff&#8220; background_color_gradient_end=&#8220;gcid-8b9c6025-79f6-4dd9-ac96-9d7926cfdbc8&#8243; background_image=&#8220;https:\/\/www.grafianova.cz\/web\/wp-content\/uploads\/2022\/01\/blue-bg-top-01.png&#8220; background_size=&#8220;contain&#8220; background_position=&#8220;top_right&#8220; height=&#8220;742px&#8220; custom_margin=&#8220;-140px||||false|false&#8220; custom_margin_tablet=&#8220;-116px||||false|false&#8220; custom_margin_phone=&#8220;-116px||||false|false&#8220; custom_margin_last_edited=&#8220;on|desktop&#8220; custom_padding=&#8220;||0px||false|false&#8220; global_colors_info=&#8220;{%22gcid-8b9c6025-79f6-4dd9-ac96-9d7926cfdbc8%22:%91%22colorEnd%22%93}&#8220;][et_pb_column type=&#8220;1_2&#8243; specialty_columns=&#8220;2&#8243; _builder_version=&#8220;3.25&#8243; custom_padding=&#8220;|||&#8220; global_colors_info=&#8220;{}&#8220; custom_padding__hover=&#8220;|||&#8220;][et_pb_row_inner module_id=&#8220;tiskarna&#8220; _builder_version=&#8220;4.14.7&#8243; _module_preset=&#8220;default&#8220; custom_margin=&#8220;|||-27px||&#8220; custom_padding=&#8220;113px|||||&#8220; global_colors_info=&#8220;{}&#8220;][et_pb_column_inner saved_specialty_column_type=&#8220;1_2&#8243; _builder_version=&#8220;4.14.7&#8243; _module_preset=&#8220;default&#8220; global_colors_info=&#8220;{}&#8220;][et_pb_text _builder_version=&#8220;4.14.8&#8243; _module_preset=&#8220;default&#8220; header_2_text_color=&#8220;#000000&#8243; header_2_font_size=&#8220;80px&#8220; custom_margin=&#8220;||16px|||&#8220; header_2_font_size_tablet=&#8220;80px&#8220; header_2_font_size_phone=&#8220;40px&#8220; header_2_font_size_last_edited=&#8220;on|phone&#8220; global_colors_info=&#8220;{}&#8220;]<h2>Recenze &amp;<\/h2>[\/et_pb_text][et_pb_text _builder_version=&#8220;4.14.8&#8243; _module_preset=&#8220;default&#8220; header_font=&#8220;DINPro-Black|||on|||||&#8220; header_font_size=&#8220;80px&#8220; header_2_text_color=&#8220;#000000&#8243; header_2_font_size=&#8220;80px&#8220; custom_margin=&#8220;||25px|||&#8220; header_font_size_tablet=&#8220;80px&#8220; header_font_size_phone=&#8220;40px&#8220; header_font_size_last_edited=&#8220;on|phone&#8220; global_colors_info=&#8220;{}&#8220;]<h1>hodnocen\u00ed<\/h1>[\/et_pb_text][et_pb_text _builder_version=&#8220;4.14.8&#8243; _module_preset=&#8220;default&#8220; hover_enabled=&#8220;0&#8243; global_colors_info=&#8220;{}&#8220; sticky_enabled=&#8220;0&#8243;]<p>Chcete se pod\u011blit o svou zku\u0161enost s na\u0161\u00ed firmou? R\u00e1di se o tom v\u0161ichni dozv\u00edme. Vyu\u017eijte mo\u017enosti p\u0159id\u00e1n\u00ed koment\u00e1\u0159e. P\u0159edem d\u011bkujeme za jak\u00e9koliv reakce. Na dotazy se budeme sna\u017eit odpov\u011bd\u011bt.\u00a0<\/p>[\/et_pb_text][\/et_pb_column_inner][\/et_pb_row_inner][\/et_pb_column][et_pb_column type=&#8220;1_2&#8243; _builder_version=&#8220;3.25&#8243; custom_padding=&#8220;|||&#8220; global_colors_info=&#8220;{}&#8220; custom_padding__hover=&#8220;|||&#8220;][et_pb_code disabled_on=&#8220;on|on|off&#8220; admin_label=&#8220;obrazek-tiskar&#8220; _builder_version=&#8220;4.14.7&#8243; _module_preset=&#8220;default&#8220; width=&#8220;878px&#8220; width_tablet=&#8220;50%&#8220; width_phone=&#8220;50%&#8220; width_last_edited=&#8220;on|tablet&#8220; max_width=&#8220;886px&#8220; max_width_tablet=&#8220;886px&#8220; max_width_phone=&#8220;886px&#8220; max_width_last_edited=&#8220;on|tablet&#8220; custom_margin=&#8220;-29px|||-146px|false|false&#8220; custom_margin_tablet=&#8220;-550px|||371px|false|false&#8220; custom_margin_phone=&#8220;-550px|||371px|false|false&#8220; custom_margin_last_edited=&#8220;on|tablet&#8220; custom_padding=&#8220;|0px||0px||&#8220; global_colors_info=&#8220;{}&#8220;]<div class=\"container\"><!-- [et_pb_line_break_holder] -->\t<div class=\"avatar\"><!-- [et_pb_line_break_holder] -->\t\t\t<img decoding=\"async\" data-src=\"https:\/\/www.grafianova.cz\/web\/wp-content\/uploads\/2022\/01\/ilustrace-tiskar.png\" alt=\"\" src=\"data:image\/gif;base64,R0lGODlhAQABAAAAACH5BAEKAAEALAAAAAABAAEAAAICTAEAOw==\" class=\"lazyload\" style=\"--smush-placeholder-width: 886px; --smush-placeholder-aspect-ratio: 886\/547;\" \/><noscript><img decoding=\"async\" src=\"https:\/\/www.grafianova.cz\/web\/wp-content\/uploads\/2022\/01\/ilustrace-tiskar.png\" alt=\"\" \/><\/noscript><!-- [et_pb_line_break_holder] -->\t\t<\/a><!-- [et_pb_line_break_holder] -->\t<\/div><\/div>[\/et_pb_code][\/et_pb_column][\/et_pb_section][et_pb_section fb_built=&#8220;1&#8243; _builder_version=&#8220;4.14.8&#8243; _module_preset=&#8220;default&#8220; background_color=&#8220;gcid-8b9c6025-79f6-4dd9-ac96-9d7926cfdbc8&#8243; global_colors_info=&#8220;{%22gcid-8b9c6025-79f6-4dd9-ac96-9d7926cfdbc8%22:%91%22background_color%22%93}&#8220; custom_padding=&#8220;0px|||||&#8220;][et_pb_row _builder_version=&#8220;4.14.8&#8243; _module_preset=&#8220;default&#8220; global_colors_info=&#8220;{}&#8220;][et_pb_column type=&#8220;4_4&#8243; _builder_version=&#8220;4.14.8&#8243; _module_preset=&#8220;default&#8220; global_colors_info=&#8220;{}&#8220;][et_pb_comments _builder_version=&#8220;4.14.8&#8243; _module_preset=&#8220;default&#8220; form_field_background_color=&#8220;#FFFFFF&#8220; form_field_text_color=&#8220;gcid-56269ac5-a5e8-43c7-b1d9-df3b36a79c37&#8243; title_font=&#8220;DINPro-Bold||||||||&#8220; hover_enabled=&#8220;0&#8243; custom_css_comment_avatar=&#8220;box-sizing: border-box;||\toverflow: hidden;||\ttransform: none;||\tanimation:  none;&#8220; global_colors_info=&#8220;{%22gcid-56269ac5-a5e8-43c7-b1d9-df3b36a79c37%22:%91%22form_field_text_color%22,%22meta_text_color%22%93}&#8220; header_font=&#8220;DINPro-Bold||||||||&#8220; meta_text_color=&#8220;gcid-56269ac5-a5e8-43c7-b1d9-df3b36a79c37&#8243; body_font=&#8220;||on||||||&#8220; sticky_enabled=&#8220;0&#8243; show_avatar=&#8220;off&#8220; meta_font=&#8220;DINPro-Bold||||||||&#8220;][\/et_pb_comments][\/et_pb_column][\/et_pb_row][\/et_pb_section]\n","protected":false},"excerpt":{"rendered":"<p>Recenze &amp;hodnocen\u00edChcete se pod\u011blit o svou zku\u0161enost s na\u0161\u00ed firmou? R\u00e1di se o tom v\u0161ichni dozv\u00edme. Vyu\u017eijte mo\u017enosti p\u0159id\u00e1n\u00ed koment\u00e1\u0159e. P\u0159edem d\u011bkujeme za jak\u00e9koliv reakce. Na dotazy se budeme sna\u017eit odpov\u011bd\u011bt.\u00a0<\/p>\n","protected":false},"author":1,"featured_media":0,"parent":0,"menu_order":0,"comment_status":"open","ping_status":"closed","template":"","meta":{"_et_pb_use_builder":"on","_et_pb_old_content":"<!-- wp:divi\/placeholder \/-->","_et_gb_content_width":"","footnotes":""},"class_list":["post-660","page","type-page","status-publish","hentry"],"yoast_head":"<!-- This site is optimized with the Yoast SEO plugin v27.5 - https:\/\/yoast.com\/product\/yoast-seo-wordpress\/ -->\n<title>V\u0161echny recenze a hodnocen\u00ed spolupr\u00e1ce - GRAFIA NOVA<\/title>\n<meta name=\"description\" content=\"Chcete se vyj\u00e1d\u0159it k na\u0161\u00ed spolupr\u00e1ci? M\u016f\u017eete n\u00e1m zanechat vzkaz p\u0159\u00edmo zde. Budeme r\u00e1di za ka\u017edou p\u0159ipom\u00ednku nebo pochvalu.\" \/>\n<meta name=\"robots\" content=\"index, follow, max-snippet:-1, max-image-preview:large, max-video-preview:-1\" \/>\n<link rel=\"canonical\" href=\"https:\/\/www.grafianova.cz\/web\/vsechny-recenze-a-hodnoceni-spoluprace\/\" \/>\n<meta property=\"og:locale\" content=\"cs_CZ\" \/>\n<meta property=\"og:type\" content=\"article\" \/>\n<meta property=\"og:title\" content=\"V\u0161echny recenze a hodnocen\u00ed spolupr\u00e1ce - GRAFIA NOVA\" \/>\n<meta property=\"og:description\" content=\"Chcete se vyj\u00e1d\u0159it k na\u0161\u00ed spolupr\u00e1ci? M\u016f\u017eete n\u00e1m zanechat vzkaz p\u0159\u00edmo zde. Budeme r\u00e1di za ka\u017edou p\u0159ipom\u00ednku nebo pochvalu.\" \/>\n<meta property=\"og:url\" content=\"https:\/\/www.grafianova.cz\/web\/vsechny-recenze-a-hodnoceni-spoluprace\/\" \/>\n<meta property=\"og:site_name\" content=\"GRAFIA NOVA\" \/>\n<meta property=\"article:publisher\" content=\"https:\/\/www.facebook.com\/profile.php?id=100083415764595\" \/>\n<meta property=\"article:modified_time\" content=\"2022-03-23T07:14:19+00:00\" \/>\n<meta property=\"og:image\" content=\"https:\/\/www.grafianova.cz\/web\/wp-content\/uploads\/2022\/01\/ilustrace-tiskar.png\" \/>\n<meta name=\"twitter:card\" content=\"summary_large_image\" \/>\n<meta name=\"twitter:label1\" content=\"Odhadovan\u00e1 doba \u010dten\u00ed\" \/>\n\t<meta name=\"twitter:data1\" content=\"2 minuty\" \/>\n<script type=\"application\/ld+json\" class=\"yoast-schema-graph\">{\"@context\":\"https:\\\/\\\/schema.org\",\"@graph\":[{\"@type\":\"WebPage\",\"@id\":\"https:\\\/\\\/www.grafianova.cz\\\/web\\\/vsechny-recenze-a-hodnoceni-spoluprace\\\/\",\"url\":\"https:\\\/\\\/www.grafianova.cz\\\/web\\\/vsechny-recenze-a-hodnoceni-spoluprace\\\/\",\"name\":\"V\u0161echny recenze a hodnocen\u00ed spolupr\u00e1ce - GRAFIA NOVA\",\"isPartOf\":{\"@id\":\"https:\\\/\\\/www.grafianova.cz\\\/web\\\/#website\"},\"primaryImageOfPage\":{\"@id\":\"https:\\\/\\\/www.grafianova.cz\\\/web\\\/vsechny-recenze-a-hodnoceni-spoluprace\\\/#primaryimage\"},\"image\":{\"@id\":\"https:\\\/\\\/www.grafianova.cz\\\/web\\\/vsechny-recenze-a-hodnoceni-spoluprace\\\/#primaryimage\"},\"thumbnailUrl\":\"https:\\\/\\\/www.grafianova.cz\\\/web\\\/wp-content\\\/uploads\\\/2022\\\/01\\\/ilustrace-tiskar.png\",\"datePublished\":\"2022-03-04T09:05:06+00:00\",\"dateModified\":\"2022-03-23T07:14:19+00:00\",\"description\":\"Chcete se vyj\u00e1d\u0159it k na\u0161\u00ed spolupr\u00e1ci? M\u016f\u017eete n\u00e1m zanechat vzkaz p\u0159\u00edmo zde. Budeme r\u00e1di za ka\u017edou p\u0159ipom\u00ednku nebo pochvalu.\",\"breadcrumb\":{\"@id\":\"https:\\\/\\\/www.grafianova.cz\\\/web\\\/vsechny-recenze-a-hodnoceni-spoluprace\\\/#breadcrumb\"},\"inLanguage\":\"cs\",\"potentialAction\":[{\"@type\":\"ReadAction\",\"target\":[\"https:\\\/\\\/www.grafianova.cz\\\/web\\\/vsechny-recenze-a-hodnoceni-spoluprace\\\/\"]}]},{\"@type\":\"ImageObject\",\"inLanguage\":\"cs\",\"@id\":\"https:\\\/\\\/www.grafianova.cz\\\/web\\\/vsechny-recenze-a-hodnoceni-spoluprace\\\/#primaryimage\",\"url\":\"https:\\\/\\\/www.grafianova.cz\\\/web\\\/wp-content\\\/uploads\\\/2022\\\/01\\\/ilustrace-tiskar.png\",\"contentUrl\":\"https:\\\/\\\/www.grafianova.cz\\\/web\\\/wp-content\\\/uploads\\\/2022\\\/01\\\/ilustrace-tiskar.png\",\"width\":886,\"height\":547,\"caption\":\"ilustrace tiskar\"},{\"@type\":\"BreadcrumbList\",\"@id\":\"https:\\\/\\\/www.grafianova.cz\\\/web\\\/vsechny-recenze-a-hodnoceni-spoluprace\\\/#breadcrumb\",\"itemListElement\":[{\"@type\":\"ListItem\",\"position\":1,\"name\":\"Dom\u016f\",\"item\":\"https:\\\/\\\/www.grafianova.cz\\\/web\\\/\"},{\"@type\":\"ListItem\",\"position\":2,\"name\":\"V\u0161echny recenze a hodnocen\u00ed spolupr\u00e1ce\"}]},{\"@type\":\"WebSite\",\"@id\":\"https:\\\/\\\/www.grafianova.cz\\\/web\\\/#website\",\"url\":\"https:\\\/\\\/www.grafianova.cz\\\/web\\\/\",\"name\":\"GRAFIA NOVA\",\"description\":\"tisk\u00e1rna | grafick\u00e9 studio | ateli\u00e9r\",\"publisher\":{\"@id\":\"https:\\\/\\\/www.grafianova.cz\\\/web\\\/#organization\"},\"alternateName\":\"tisk\u00e1rna Grafia nova\",\"potentialAction\":[{\"@type\":\"SearchAction\",\"target\":{\"@type\":\"EntryPoint\",\"urlTemplate\":\"https:\\\/\\\/www.grafianova.cz\\\/web\\\/?s={search_term_string}\"},\"query-input\":{\"@type\":\"PropertyValueSpecification\",\"valueRequired\":true,\"valueName\":\"search_term_string\"}}],\"inLanguage\":\"cs\"},{\"@type\":\"Organization\",\"@id\":\"https:\\\/\\\/www.grafianova.cz\\\/web\\\/#organization\",\"name\":\"GRAFIA NOVA s.r.o.\",\"url\":\"https:\\\/\\\/www.grafianova.cz\\\/web\\\/\",\"logo\":{\"@type\":\"ImageObject\",\"inLanguage\":\"cs\",\"@id\":\"https:\\\/\\\/www.grafianova.cz\\\/web\\\/#\\\/schema\\\/logo\\\/image\\\/\",\"url\":\"https:\\\/\\\/www.grafianova.cz\\\/web\\\/wp-content\\\/uploads\\\/2022\\\/01\\\/logo_260x150.png\",\"contentUrl\":\"https:\\\/\\\/www.grafianova.cz\\\/web\\\/wp-content\\\/uploads\\\/2022\\\/01\\\/logo_260x150.png\",\"width\":260,\"height\":150,\"caption\":\"GRAFIA NOVA s.r.o.\"},\"image\":{\"@id\":\"https:\\\/\\\/www.grafianova.cz\\\/web\\\/#\\\/schema\\\/logo\\\/image\\\/\"},\"sameAs\":[\"https:\\\/\\\/www.facebook.com\\\/profile.php?id=100083415764595\",\"https:\\\/\\\/www.instagram.com\\\/grafia_nova\\\/\"]}]}<\/script>\n<!-- \/ Yoast SEO plugin. -->","yoast_head_json":{"title":"V\u0161echny recenze a hodnocen\u00ed spolupr\u00e1ce - GRAFIA NOVA","description":"Chcete se vyj\u00e1d\u0159it k na\u0161\u00ed spolupr\u00e1ci? M\u016f\u017eete n\u00e1m zanechat vzkaz p\u0159\u00edmo zde. Budeme r\u00e1di za ka\u017edou p\u0159ipom\u00ednku nebo pochvalu.","robots":{"index":"index","follow":"follow","max-snippet":"max-snippet:-1","max-image-preview":"max-image-preview:large","max-video-preview":"max-video-preview:-1"},"canonical":"https:\/\/www.grafianova.cz\/web\/vsechny-recenze-a-hodnoceni-spoluprace\/","og_locale":"cs_CZ","og_type":"article","og_title":"V\u0161echny recenze a hodnocen\u00ed spolupr\u00e1ce - GRAFIA NOVA","og_description":"Chcete se vyj\u00e1d\u0159it k na\u0161\u00ed spolupr\u00e1ci? M\u016f\u017eete n\u00e1m zanechat vzkaz p\u0159\u00edmo zde. Budeme r\u00e1di za ka\u017edou p\u0159ipom\u00ednku nebo pochvalu.","og_url":"https:\/\/www.grafianova.cz\/web\/vsechny-recenze-a-hodnoceni-spoluprace\/","og_site_name":"GRAFIA NOVA","article_publisher":"https:\/\/www.facebook.com\/profile.php?id=100083415764595","article_modified_time":"2022-03-23T07:14:19+00:00","og_image":[{"url":"https:\/\/www.grafianova.cz\/web\/wp-content\/uploads\/2022\/01\/ilustrace-tiskar.png","type":"","width":"","height":""}],"twitter_card":"summary_large_image","twitter_misc":{"Odhadovan\u00e1 doba \u010dten\u00ed":"2 minuty"},"schema":{"@context":"https:\/\/schema.org","@graph":[{"@type":"WebPage","@id":"https:\/\/www.grafianova.cz\/web\/vsechny-recenze-a-hodnoceni-spoluprace\/","url":"https:\/\/www.grafianova.cz\/web\/vsechny-recenze-a-hodnoceni-spoluprace\/","name":"V\u0161echny recenze a hodnocen\u00ed spolupr\u00e1ce - GRAFIA NOVA","isPartOf":{"@id":"https:\/\/www.grafianova.cz\/web\/#website"},"primaryImageOfPage":{"@id":"https:\/\/www.grafianova.cz\/web\/vsechny-recenze-a-hodnoceni-spoluprace\/#primaryimage"},"image":{"@id":"https:\/\/www.grafianova.cz\/web\/vsechny-recenze-a-hodnoceni-spoluprace\/#primaryimage"},"thumbnailUrl":"https:\/\/www.grafianova.cz\/web\/wp-content\/uploads\/2022\/01\/ilustrace-tiskar.png","datePublished":"2022-03-04T09:05:06+00:00","dateModified":"2022-03-23T07:14:19+00:00","description":"Chcete se vyj\u00e1d\u0159it k na\u0161\u00ed spolupr\u00e1ci? M\u016f\u017eete n\u00e1m zanechat vzkaz p\u0159\u00edmo zde. Budeme r\u00e1di za ka\u017edou p\u0159ipom\u00ednku nebo pochvalu.","breadcrumb":{"@id":"https:\/\/www.grafianova.cz\/web\/vsechny-recenze-a-hodnoceni-spoluprace\/#breadcrumb"},"inLanguage":"cs","potentialAction":[{"@type":"ReadAction","target":["https:\/\/www.grafianova.cz\/web\/vsechny-recenze-a-hodnoceni-spoluprace\/"]}]},{"@type":"ImageObject","inLanguage":"cs","@id":"https:\/\/www.grafianova.cz\/web\/vsechny-recenze-a-hodnoceni-spoluprace\/#primaryimage","url":"https:\/\/www.grafianova.cz\/web\/wp-content\/uploads\/2022\/01\/ilustrace-tiskar.png","contentUrl":"https:\/\/www.grafianova.cz\/web\/wp-content\/uploads\/2022\/01\/ilustrace-tiskar.png","width":886,"height":547,"caption":"ilustrace tiskar"},{"@type":"BreadcrumbList","@id":"https:\/\/www.grafianova.cz\/web\/vsechny-recenze-a-hodnoceni-spoluprace\/#breadcrumb","itemListElement":[{"@type":"ListItem","position":1,"name":"Dom\u016f","item":"https:\/\/www.grafianova.cz\/web\/"},{"@type":"ListItem","position":2,"name":"V\u0161echny recenze a hodnocen\u00ed spolupr\u00e1ce"}]},{"@type":"WebSite","@id":"https:\/\/www.grafianova.cz\/web\/#website","url":"https:\/\/www.grafianova.cz\/web\/","name":"GRAFIA NOVA","description":"tisk\u00e1rna | grafick\u00e9 studio | ateli\u00e9r","publisher":{"@id":"https:\/\/www.grafianova.cz\/web\/#organization"},"alternateName":"tisk\u00e1rna Grafia nova","potentialAction":[{"@type":"SearchAction","target":{"@type":"EntryPoint","urlTemplate":"https:\/\/www.grafianova.cz\/web\/?s={search_term_string}"},"query-input":{"@type":"PropertyValueSpecification","valueRequired":true,"valueName":"search_term_string"}}],"inLanguage":"cs"},{"@type":"Organization","@id":"https:\/\/www.grafianova.cz\/web\/#organization","name":"GRAFIA NOVA s.r.o.","url":"https:\/\/www.grafianova.cz\/web\/","logo":{"@type":"ImageObject","inLanguage":"cs","@id":"https:\/\/www.grafianova.cz\/web\/#\/schema\/logo\/image\/","url":"https:\/\/www.grafianova.cz\/web\/wp-content\/uploads\/2022\/01\/logo_260x150.png","contentUrl":"https:\/\/www.grafianova.cz\/web\/wp-content\/uploads\/2022\/01\/logo_260x150.png","width":260,"height":150,"caption":"GRAFIA NOVA s.r.o."},"image":{"@id":"https:\/\/www.grafianova.cz\/web\/#\/schema\/logo\/image\/"},"sameAs":["https:\/\/www.facebook.com\/profile.php?id=100083415764595","https:\/\/www.instagram.com\/grafia_nova\/"]}]}},"_links":{"self":[{"href":"https:\/\/www.grafianova.cz\/web\/wp-json\/wp\/v2\/pages\/660","targetHints":{"allow":["GET"]}}],"collection":[{"href":"https:\/\/www.grafianova.cz\/web\/wp-json\/wp\/v2\/pages"}],"about":[{"href":"https:\/\/www.grafianova.cz\/web\/wp-json\/wp\/v2\/types\/page"}],"author":[{"embeddable":true,"href":"https:\/\/www.grafianova.cz\/web\/wp-json\/wp\/v2\/users\/1"}],"replies":[{"embeddable":true,"href":"https:\/\/www.grafianova.cz\/web\/wp-json\/wp\/v2\/comments?post=660"}],"version-history":[{"count":10,"href":"https:\/\/www.grafianova.cz\/web\/wp-json\/wp\/v2\/pages\/660\/revisions"}],"predecessor-version":[{"id":979,"href":"https:\/\/www.grafianova.cz\/web\/wp-json\/wp\/v2\/pages\/660\/revisions\/979"}],"wp:attachment":[{"href":"https:\/\/www.grafianova.cz\/web\/wp-json\/wp\/v2\/media?parent=660"}],"curies":[{"name":"wp","href":"https:\/\/api.w.org\/{rel}","templated":true}]}}