{"id":573,"date":"2022-02-10T12:51:59","date_gmt":"2022-02-10T11:51:59","guid":{"rendered":"https:\/\/www.grafianova.cz\/web\/?page_id=573"},"modified":"2025-11-12T12:18:54","modified_gmt":"2025-11-12T11:18:54","slug":"fakturace","status":"publish","type":"page","link":"https:\/\/www.grafianova.cz\/web\/fakturace\/","title":{"rendered":"Fakturace"},"content":{"rendered":"<p>[et_pb_section fb_built=&#8220;1&#8243; specialty=&#8220;on&#8220; admin_label=&#8220;Ofsetovy tisk&#8220; _builder_version=&#8220;4.16&#8243; _module_preset=&#8220;default&#8220; use_background_color_gradient=&#8220;on&#8220; background_color_gradient_stops=&#8220;#ffffff 0%|gcid-8b9c6025-79f6-4dd9-ac96-9d7926cfdbc8 100%&#8220; background_color_gradient_start=&#8220;#ffffff&#8220; background_color_gradient_end=&#8220;gcid-8b9c6025-79f6-4dd9-ac96-9d7926cfdbc8&#8243; background_image=&#8220;https:\/\/www.grafianova.cz\/web\/wp-content\/uploads\/2022\/01\/blue-bg-top-01.png&#8220; background_size=&#8220;contain&#8220; background_position=&#8220;top_right&#8220; height=&#8220;742px&#8220; custom_margin=&#8220;-140px||||false|false&#8220; custom_margin_tablet=&#8220;-116px||||false|false&#8220; custom_margin_phone=&#8220;-116px||||false|false&#8220; custom_margin_last_edited=&#8220;on|desktop&#8220; custom_padding=&#8220;||0px||false|false&#8220; background_last_edited=&#8220;on|phone&#8220; background_image_tablet=&#8220;https:\/\/www.grafianova.cz\/web\/wp-content\/uploads\/2022\/03\/blue-bg-top-768-px.png&#8220; background_image_phone=&#8220;https:\/\/www.grafianova.cz\/web\/wp-content\/uploads\/2022\/03\/blue-bg-top-400-px.png&#8220; background_enable_image_tablet=&#8220;on&#8220; background_enable_image_phone=&#8220;on&#8220; global_colors_info=&#8220;{%22gcid-8b9c6025-79f6-4dd9-ac96-9d7926cfdbc8%22:%91%22colorEnd%22%93}&#8220;][et_pb_column type=&#8220;1_2&#8243; specialty_columns=&#8220;2&#8243; _builder_version=&#8220;4.16&#8243; custom_padding=&#8220;|||&#8220; global_colors_info=&#8220;{}&#8220; custom_padding__hover=&#8220;|||&#8220;][et_pb_row_inner module_id=&#8220;tiskarna&#8220; _builder_version=&#8220;4.16&#8243; _module_preset=&#8220;default&#8220; custom_margin=&#8220;|||-27px||&#8220; custom_padding=&#8220;113px|||||&#8220; global_colors_info=&#8220;{}&#8220;][et_pb_column_inner saved_specialty_column_type=&#8220;1_2&#8243; _builder_version=&#8220;4.16&#8243; _module_preset=&#8220;default&#8220; global_colors_info=&#8220;{}&#8220;][et_pb_text _builder_version=&#8220;4.16&#8243; _module_preset=&#8220;default&#8220; header_2_text_color=&#8220;#000000&#8243; header_2_font_size=&#8220;80px&#8220; custom_margin=&#8220;||16px|||&#8220; header_2_font_size_tablet=&#8220;80px&#8220; header_2_font_size_phone=&#8220;40px&#8220; header_2_font_size_last_edited=&#8220;on|phone&#8220; global_colors_info=&#8220;{}&#8220;]<\/p>\n<h2>Z\u00e1v\u011bre\u010dn\u00e1<\/h2>\n<p>[\/et_pb_text][et_pb_text _builder_version=&#8220;4.16&#8243; _module_preset=&#8220;default&#8220; header_font=&#8220;DINPro-Black|||on|||||&#8220; header_font_size=&#8220;80px&#8220; header_2_text_color=&#8220;#000000&#8243; header_2_font_size=&#8220;80px&#8220; custom_margin=&#8220;||25px|||&#8220; header_font_size_tablet=&#8220;80px&#8220; header_font_size_phone=&#8220;40px&#8220; header_font_size_last_edited=&#8220;on|phone&#8220; global_colors_info=&#8220;{}&#8220;]<\/p>\n<h1>fakturace<\/h1>\n<p>[\/et_pb_text][et_pb_text _builder_version=&#8220;4.16&#8243; _module_preset=&#8220;default&#8220; global_colors_info=&#8220;{}&#8220;]<\/p>\n<p>Zde se dozv\u00edte v\u0161echny d\u016fle\u017eit\u00e9 informace ohledn\u011b fakturace. Platbu je mo\u017en\u00e9 uskute\u010dnit bu\u010f hotov\u011b nebo bankovn\u00edm p\u0159evodem na z\u00e1klad\u011b faktury.<\/p>\n<p>Pot\u0159ebujete se dohodnout na fakturaci? Nebojte se na n\u00e1s obr\u00e1tit.<\/p>\n<p>[\/et_pb_text][\/et_pb_column_inner][\/et_pb_row_inner][\/et_pb_column][et_pb_column type=&#8220;1_2&#8243; _builder_version=&#8220;4.16&#8243; custom_padding=&#8220;|||&#8220; global_colors_info=&#8220;{}&#8220; custom_padding__hover=&#8220;|||&#8220;][et_pb_code disabled_on=&#8220;on|on|off&#8220; admin_label=&#8220;obrazek-tiskar&#8220; _builder_version=&#8220;4.16&#8243; _module_preset=&#8220;default&#8220; width=&#8220;878px&#8220; width_tablet=&#8220;50%&#8220; width_phone=&#8220;50%&#8220; width_last_edited=&#8220;on|tablet&#8220; max_width=&#8220;886px&#8220; max_width_tablet=&#8220;886px&#8220; max_width_phone=&#8220;886px&#8220; max_width_last_edited=&#8220;on|tablet&#8220; custom_margin=&#8220;-29px|||-146px|false|false&#8220; custom_margin_tablet=&#8220;-550px|||371px|false|false&#8220; custom_margin_phone=&#8220;-550px|||371px|false|false&#8220; custom_margin_last_edited=&#8220;on|tablet&#8220; custom_padding=&#8220;|0px||0px||&#8220; global_colors_info=&#8220;{}&#8220;]<\/p>\n<div class=\"container\"><!-- [et_pb_line_break_holder] -->\t<\/p>\n<div class=\"avatar\"><!-- [et_pb_line_break_holder] -->\t\t\t<img decoding=\"async\" data-src=\"https:\/\/www.grafianova.cz\/web\/wp-content\/uploads\/2022\/03\/fakturace.png\" alt=\"\" src=\"data:image\/gif;base64,R0lGODlhAQABAAAAACH5BAEKAAEALAAAAAABAAEAAAICTAEAOw==\" class=\"lazyload\" style=\"--smush-placeholder-width: 902px; --smush-placeholder-aspect-ratio: 902\/695;\" \/><noscript><img decoding=\"async\" src=\"https:\/\/www.grafianova.cz\/web\/wp-content\/uploads\/2022\/03\/fakturace.png\" alt=\"\" \/><\/noscript><!-- [et_pb_line_break_holder] -->\t\t<\/a><!-- [et_pb_line_break_holder] -->\t<\/div>\n<\/div>\n<p>[\/et_pb_code][\/et_pb_column][\/et_pb_section][et_pb_section fb_built=&#8220;1&#8243; _builder_version=&#8220;4.16&#8243; _module_preset=&#8220;default&#8220; background_color=&#8220;gcid-8b9c6025-79f6-4dd9-ac96-9d7926cfdbc8&#8243; custom_padding=&#8220;3px|||||&#8220; global_colors_info=&#8220;{%22gcid-8b9c6025-79f6-4dd9-ac96-9d7926cfdbc8%22:%91%22background_color%22%93}&#8220;][et_pb_row column_structure=&#8220;1_2,1_2&#8243; _builder_version=&#8220;4.16&#8243; _module_preset=&#8220;default&#8220; global_colors_info=&#8220;{}&#8220;][et_pb_column type=&#8220;1_2&#8243; _builder_version=&#8220;4.16&#8243; _module_preset=&#8220;default&#8220; global_colors_info=&#8220;{}&#8220;][et_pb_text _builder_version=&#8220;4.16.0&#8243; _module_preset=&#8220;default&#8220; header_font=&#8220;DINPro-Black|||on|||||&#8220; header_font_size=&#8220;36px&#8220; header_line_height=&#8220;1.2em&#8220; background_color=&#8220;#FFFFFF&#8220; custom_padding=&#8220;80px|80px|80px|80px|true|true&#8220; custom_padding_tablet=&#8220;80px|80px|80px|80px|true|true&#8220; custom_padding_phone=&#8220;20px|20px|20px|20px|true|true&#8220; custom_padding_last_edited=&#8220;on|phone&#8220; animation_style=&#8220;zoom&#8220; global_colors_info=&#8220;{}&#8220;]<\/p>\n<h1>Na\u0161e faktura\u010dn\u00ed \u00fadaje<\/h1>\n<p>GRAFIA NOVA s.r.o.<br \/>Za\u0161ov\u00e1 826, Za\u0161ov\u00e1 756 51<br \/><a href=\"mailto:yvona.blahova@grafianova.cz\">yvona.blahova@grafianova.cz<\/a><br \/>+420 724 584 813<\/p>\n<p>I\u010c: 65142471<br \/>DI\u010c: CZ65142471<\/p>\n<p>Bankovn\u00ed spojen\u00ed:<br \/>\u010c\u00edslo \u00fa\u010dtu \u010cSOB: 108057500\/0300<br \/>\u010c\u00edslo \u00fa\u010dtu KB: 19-8870650257\/0100\u00a0\u00a0\u00a0\u00a0\u00a0\u00a0\u00a0\u00a0<\/p>\n<p>[\/et_pb_text][\/et_pb_column][et_pb_column type=&#8220;1_2&#8243; _builder_version=&#8220;4.16&#8243; _module_preset=&#8220;default&#8220; global_colors_info=&#8220;{}&#8220;][et_pb_text _builder_version=&#8220;4.16.0&#8243; _module_preset=&#8220;default&#8220; link_font=&#8220;||||on||||&#8220; link_text_color=&#8220;#000000&#8243; header_font=&#8220;DINPro-Black|||on|||||&#8220; header_font_size=&#8220;36px&#8220; background_color=&#8220;#FFFFFF&#8220; custom_padding=&#8220;80px|80px|80px|80px|true|true&#8220; custom_padding_tablet=&#8220;80px|80px|80px|80px|true|true&#8220; custom_padding_phone=&#8220;20px|20px|20px|20px|true|true&#8220; custom_padding_last_edited=&#8220;on|phone&#8220; animation_style=&#8220;zoom&#8220; global_colors_info=&#8220;{%22gcid-56269ac5-a5e8-43c7-b1d9-df3b36a79c37%22:%91%22link_text_color__hover%22%93}&#8220; link_text_color__hover_enabled=&#8220;on|hover&#8220; link_text_color__hover=&#8220;#009fe3&#8243;]<\/p>\n<h1>Obecn\u00e9 informace<\/h1>\n<p><span>D\u00e9lka splatnosti faktur je 14 dn\u016f. <br \/>Po domluv\u011b je mo\u017en\u00e9 ji prodlou\u017eit.<\/span><\/p>\n<p><a href=\"https:\/\/www.grafianova.cz\/web\/obchodni-podminky\/\">Obchodn\u00ed podm\u00ednky<\/a><\/p>\n<p>[\/et_pb_text][\/et_pb_column][\/et_pb_row][\/et_pb_section][et_pb_section fb_built=&#8220;1&#8243; _builder_version=&#8220;4.16&#8243; _module_preset=&#8220;default&#8220; background_color=&#8220;gcid-8b9c6025-79f6-4dd9-ac96-9d7926cfdbc8&#8243; background_image=&#8220;https:\/\/www.grafianova.cz\/web\/wp-content\/uploads\/2022\/01\/graficici-bg-right-01.png&#8220; background_size=&#8220;contain&#8220; background_position=&#8220;center_right&#8220; custom_padding=&#8220;0px|||||&#8220; global_colors_info=&#8220;{%22gcid-8b9c6025-79f6-4dd9-ac96-9d7926cfdbc8%22:%91%22background_color%22%93}&#8220;][et_pb_row _builder_version=&#8220;4.16&#8243; _module_preset=&#8220;default&#8220; global_colors_info=&#8220;{}&#8220;][et_pb_column type=&#8220;4_4&#8243; _builder_version=&#8220;4.16&#8243; _module_preset=&#8220;default&#8220; global_colors_info=&#8220;{}&#8220;][et_pb_text _builder_version=&#8220;4.16&#8243; _module_preset=&#8220;default&#8220; header_2_text_color=&#8220;#000000&#8243; header_2_font_size=&#8220;80px&#8220; custom_margin=&#8220;||16px|||&#8220; scroll_fade_enable=&#8220;on&#8220; scroll_fade=&#8220;0|50|50|100|20%|100|100&#8243; header_2_font_size_tablet=&#8220;80px&#8220; header_2_font_size_phone=&#8220;40px&#8220; header_2_font_size_last_edited=&#8220;on|phone&#8220; global_colors_info=&#8220;{}&#8220;]<\/p>\n<h2>Rychl\u00fd kontakt<\/h2>\n<p>[\/et_pb_text][et_pb_text _builder_version=&#8220;4.16&#8243; _module_preset=&#8220;default&#8220; header_font=&#8220;DINPro-Black|||on|||||&#8220; header_font_size=&#8220;80px&#8220; header_2_text_color=&#8220;#000000&#8243; header_2_font_size=&#8220;80px&#8220; custom_margin=&#8220;||25px|||&#8220; scroll_fade_enable=&#8220;on&#8220; scroll_fade=&#8220;0|50|50|100|20%|100|100&#8243; header_font_size_tablet=&#8220;80px&#8220; header_font_size_phone=&#8220;40px&#8220; header_font_size_last_edited=&#8220;on|phone&#8220; global_colors_info=&#8220;{}&#8220;]<\/p>\n<h1>k fakturac\u00edm<\/h1>\n<p>[\/et_pb_text][et_pb_text _builder_version=&#8220;4.16&#8243; _module_preset=&#8220;default&#8220; global_colors_info=&#8220;{}&#8220;]<\/p>\n<p><span><div class=\"tmm tmm_fakturace\"><div class=\"tmm_3_columns tmm_wrap tmm_theme_f\"><span class=\"tmm_two_containers_tablet\"><\/span><div class=\"tmm_container\"><div class=\"tmm_member\" style=\"border-top:#009fe3 solid 5px;\"><div class=\"tmm_textblock\"><div class=\"tmm_names\"><span class=\"tmm_fname\">Yvonne<\/span> <span class=\"tmm_lname\">BL\u00c1HOV\u00c1<\/span><\/div><div class=\"tmm_job\">fakturantka<\/div><div class=\"tmm_desc\" style=\"text-align:\"><p>telefon: +420 724 584 813<br>e-mail: yvona.blahova@grafianova.cz<\/p><\/div><div class=\"tmm_scblock\"><\/div><\/div><\/div><div style=\"clear:both;\"><\/div><\/div><\/div><\/div><\/span><\/p>\n<p>[\/et_pb_text][\/et_pb_column][\/et_pb_row][\/et_pb_section]<\/p>\n","protected":false},"excerpt":{"rendered":"<p>[et_pb_section fb_built=&#8220;1&#8243; specialty=&#8220;on&#8220; admin_label=&#8220;Ofsetovy tisk&#8220; _builder_version=&#8220;4.16&#8243; _module_preset=&#8220;default&#8220; use_background_color_gradient=&#8220;on&#8220; background_color_gradient_stops=&#8220;#ffffff 0%|gcid-8b9c6025-79f6-4dd9-ac96-9d7926cfdbc8 100%&#8220; background_color_gradient_start=&#8220;#ffffff&#8220; background_color_gradient_end=&#8220;gcid-8b9c6025-79f6-4dd9-ac96-9d7926cfdbc8&#8243; background_image=&#8220;https:\/\/www.grafianova.cz\/web\/wp-content\/uploads\/2022\/01\/blue-bg-top-01.png&#8220; background_size=&#8220;contain&#8220; background_position=&#8220;top_right&#8220; height=&#8220;742px&#8220; custom_margin=&#8220;-140px||||false|false&#8220; custom_margin_tablet=&#8220;-116px||||false|false&#8220; custom_margin_phone=&#8220;-116px||||false|false&#8220; custom_margin_last_edited=&#8220;on|desktop&#8220; custom_padding=&#8220;||0px||false|false&#8220; background_last_edited=&#8220;on|phone&#8220; background_image_tablet=&#8220;https:\/\/www.grafianova.cz\/web\/wp-content\/uploads\/2022\/03\/blue-bg-top-768-px.png&#8220; background_image_phone=&#8220;https:\/\/www.grafianova.cz\/web\/wp-content\/uploads\/2022\/03\/blue-bg-top-400-px.png&#8220; background_enable_image_tablet=&#8220;on&#8220; background_enable_image_phone=&#8220;on&#8220; global_colors_info=&#8220;{%22gcid-8b9c6025-79f6-4dd9-ac96-9d7926cfdbc8%22:%91%22colorEnd%22%93}&#8220;][et_pb_column type=&#8220;1_2&#8243; specialty_columns=&#8220;2&#8243; _builder_version=&#8220;4.16&#8243; custom_padding=&#8220;|||&#8220; global_colors_info=&#8220;{}&#8220; custom_padding__hover=&#8220;|||&#8220;][et_pb_row_inner module_id=&#8220;tiskarna&#8220; _builder_version=&#8220;4.16&#8243; _module_preset=&#8220;default&#8220; custom_margin=&#8220;|||-27px||&#8220; custom_padding=&#8220;113px|||||&#8220; global_colors_info=&#8220;{}&#8220;][et_pb_column_inner saved_specialty_column_type=&#8220;1_2&#8243; _builder_version=&#8220;4.16&#8243; _module_preset=&#8220;default&#8220; global_colors_info=&#8220;{}&#8220;][et_pb_text _builder_version=&#8220;4.16&#8243; _module_preset=&#8220;default&#8220; header_2_text_color=&#8220;#000000&#8243; header_2_font_size=&#8220;80px&#8220; custom_margin=&#8220;||16px|||&#8220; header_2_font_size_tablet=&#8220;80px&#8220; header_2_font_size_phone=&#8220;40px&#8220; header_2_font_size_last_edited=&#8220;on|phone&#8220; global_colors_info=&#8220;{}&#8220;] Z\u00e1v\u011bre\u010dn\u00e1 [\/et_pb_text][et_pb_text [&hellip;]<\/p>\n","protected":false},"author":1,"featured_media":0,"parent":0,"menu_order":0,"comment_status":"closed","ping_status":"closed","template":"","meta":{"_et_pb_use_builder":"on","_et_pb_old_content":"<!-- wp:divi\/placeholder \/-->","_et_gb_content_width":"","footnotes":""},"class_list":["post-573","page","type-page","status-publish","hentry"],"yoast_head":"<!-- This site is optimized with the Yoast SEO plugin v27.6 - https:\/\/yoast.com\/product\/yoast-seo-wordpress\/ -->\n<title>Fakturace - GRAFIA NOVA<\/title>\n<meta name=\"description\" content=\"V\u0161echny d\u016fle\u017eit\u00e9 informace, kter\u00e9 pot\u0159ebujete v\u011bd\u011bt k fakturac\u00edm. Platbu je mo\u017en\u00e9 uskute\u010dnit bankovn\u00edm p\u0159evodem nebo hotov\u011b v m\u00edst\u011b firmy.\" \/>\n<meta name=\"robots\" content=\"index, follow, max-snippet:-1, max-image-preview:large, max-video-preview:-1\" \/>\n<link rel=\"canonical\" href=\"https:\/\/www.grafianova.cz\/web\/fakturace\/\" \/>\n<meta property=\"og:locale\" content=\"cs_CZ\" \/>\n<meta property=\"og:type\" content=\"article\" \/>\n<meta property=\"og:title\" content=\"Fakturace - GRAFIA NOVA\" \/>\n<meta property=\"og:description\" content=\"V\u0161echny d\u016fle\u017eit\u00e9 informace, kter\u00e9 pot\u0159ebujete v\u011bd\u011bt k fakturac\u00edm. Platbu je mo\u017en\u00e9 uskute\u010dnit bankovn\u00edm p\u0159evodem nebo hotov\u011b v m\u00edst\u011b firmy.\" \/>\n<meta property=\"og:url\" content=\"https:\/\/www.grafianova.cz\/web\/fakturace\/\" \/>\n<meta property=\"og:site_name\" content=\"GRAFIA NOVA\" \/>\n<meta property=\"article:publisher\" content=\"https:\/\/www.facebook.com\/profile.php?id=100083415764595\" \/>\n<meta property=\"article:modified_time\" content=\"2025-11-12T11:18:54+00:00\" \/>\n<meta property=\"og:image\" content=\"https:\/\/www.grafianova.cz\/web\/wp-content\/uploads\/2022\/03\/fakturace.png\" \/>\n<meta name=\"twitter:card\" content=\"summary_large_image\" \/>\n<meta name=\"twitter:label1\" content=\"Odhadovan\u00e1 doba \u010dten\u00ed\" \/>\n\t<meta name=\"twitter:data1\" content=\"2 minuty\" \/>\n<script type=\"application\/ld+json\" class=\"yoast-schema-graph\">{\"@context\":\"https:\\\/\\\/schema.org\",\"@graph\":[{\"@type\":\"WebPage\",\"@id\":\"https:\\\/\\\/www.grafianova.cz\\\/web\\\/fakturace\\\/\",\"url\":\"https:\\\/\\\/www.grafianova.cz\\\/web\\\/fakturace\\\/\",\"name\":\"Fakturace - GRAFIA NOVA\",\"isPartOf\":{\"@id\":\"https:\\\/\\\/www.grafianova.cz\\\/web\\\/#website\"},\"primaryImageOfPage\":{\"@id\":\"https:\\\/\\\/www.grafianova.cz\\\/web\\\/fakturace\\\/#primaryimage\"},\"image\":{\"@id\":\"https:\\\/\\\/www.grafianova.cz\\\/web\\\/fakturace\\\/#primaryimage\"},\"thumbnailUrl\":\"https:\\\/\\\/www.grafianova.cz\\\/web\\\/wp-content\\\/uploads\\\/2022\\\/03\\\/fakturace.png\",\"datePublished\":\"2022-02-10T11:51:59+00:00\",\"dateModified\":\"2025-11-12T11:18:54+00:00\",\"description\":\"V\u0161echny d\u016fle\u017eit\u00e9 informace, kter\u00e9 pot\u0159ebujete v\u011bd\u011bt k fakturac\u00edm. Platbu je mo\u017en\u00e9 uskute\u010dnit bankovn\u00edm p\u0159evodem nebo hotov\u011b v m\u00edst\u011b firmy.\",\"breadcrumb\":{\"@id\":\"https:\\\/\\\/www.grafianova.cz\\\/web\\\/fakturace\\\/#breadcrumb\"},\"inLanguage\":\"cs\",\"potentialAction\":[{\"@type\":\"ReadAction\",\"target\":[\"https:\\\/\\\/www.grafianova.cz\\\/web\\\/fakturace\\\/\"]}]},{\"@type\":\"ImageObject\",\"inLanguage\":\"cs\",\"@id\":\"https:\\\/\\\/www.grafianova.cz\\\/web\\\/fakturace\\\/#primaryimage\",\"url\":\"https:\\\/\\\/www.grafianova.cz\\\/web\\\/wp-content\\\/uploads\\\/2022\\\/03\\\/fakturace.png\",\"contentUrl\":\"https:\\\/\\\/www.grafianova.cz\\\/web\\\/wp-content\\\/uploads\\\/2022\\\/03\\\/fakturace.png\",\"width\":902,\"height\":695},{\"@type\":\"BreadcrumbList\",\"@id\":\"https:\\\/\\\/www.grafianova.cz\\\/web\\\/fakturace\\\/#breadcrumb\",\"itemListElement\":[{\"@type\":\"ListItem\",\"position\":1,\"name\":\"Dom\u016f\",\"item\":\"https:\\\/\\\/www.grafianova.cz\\\/web\\\/\"},{\"@type\":\"ListItem\",\"position\":2,\"name\":\"Fakturace\"}]},{\"@type\":\"WebSite\",\"@id\":\"https:\\\/\\\/www.grafianova.cz\\\/web\\\/#website\",\"url\":\"https:\\\/\\\/www.grafianova.cz\\\/web\\\/\",\"name\":\"GRAFIA NOVA\",\"description\":\"tisk\u00e1rna | grafick\u00e9 studio | ateli\u00e9r\",\"publisher\":{\"@id\":\"https:\\\/\\\/www.grafianova.cz\\\/web\\\/#organization\"},\"alternateName\":\"tisk\u00e1rna Grafia nova\",\"potentialAction\":[{\"@type\":\"SearchAction\",\"target\":{\"@type\":\"EntryPoint\",\"urlTemplate\":\"https:\\\/\\\/www.grafianova.cz\\\/web\\\/?s={search_term_string}\"},\"query-input\":{\"@type\":\"PropertyValueSpecification\",\"valueRequired\":true,\"valueName\":\"search_term_string\"}}],\"inLanguage\":\"cs\"},{\"@type\":\"Organization\",\"@id\":\"https:\\\/\\\/www.grafianova.cz\\\/web\\\/#organization\",\"name\":\"GRAFIA NOVA s.r.o.\",\"url\":\"https:\\\/\\\/www.grafianova.cz\\\/web\\\/\",\"logo\":{\"@type\":\"ImageObject\",\"inLanguage\":\"cs\",\"@id\":\"https:\\\/\\\/www.grafianova.cz\\\/web\\\/#\\\/schema\\\/logo\\\/image\\\/\",\"url\":\"https:\\\/\\\/www.grafianova.cz\\\/web\\\/wp-content\\\/uploads\\\/2022\\\/01\\\/logo_260x150.png\",\"contentUrl\":\"https:\\\/\\\/www.grafianova.cz\\\/web\\\/wp-content\\\/uploads\\\/2022\\\/01\\\/logo_260x150.png\",\"width\":260,\"height\":150,\"caption\":\"GRAFIA NOVA s.r.o.\"},\"image\":{\"@id\":\"https:\\\/\\\/www.grafianova.cz\\\/web\\\/#\\\/schema\\\/logo\\\/image\\\/\"},\"sameAs\":[\"https:\\\/\\\/www.facebook.com\\\/profile.php?id=100083415764595\",\"https:\\\/\\\/www.instagram.com\\\/grafia_nova\\\/\"]}]}<\/script>\n<!-- \/ Yoast SEO plugin. -->","yoast_head_json":{"title":"Fakturace - GRAFIA NOVA","description":"V\u0161echny d\u016fle\u017eit\u00e9 informace, kter\u00e9 pot\u0159ebujete v\u011bd\u011bt k fakturac\u00edm. Platbu je mo\u017en\u00e9 uskute\u010dnit bankovn\u00edm p\u0159evodem nebo hotov\u011b v m\u00edst\u011b firmy.","robots":{"index":"index","follow":"follow","max-snippet":"max-snippet:-1","max-image-preview":"max-image-preview:large","max-video-preview":"max-video-preview:-1"},"canonical":"https:\/\/www.grafianova.cz\/web\/fakturace\/","og_locale":"cs_CZ","og_type":"article","og_title":"Fakturace - GRAFIA NOVA","og_description":"V\u0161echny d\u016fle\u017eit\u00e9 informace, kter\u00e9 pot\u0159ebujete v\u011bd\u011bt k fakturac\u00edm. Platbu je mo\u017en\u00e9 uskute\u010dnit bankovn\u00edm p\u0159evodem nebo hotov\u011b v m\u00edst\u011b firmy.","og_url":"https:\/\/www.grafianova.cz\/web\/fakturace\/","og_site_name":"GRAFIA NOVA","article_publisher":"https:\/\/www.facebook.com\/profile.php?id=100083415764595","article_modified_time":"2025-11-12T11:18:54+00:00","og_image":[{"url":"https:\/\/www.grafianova.cz\/web\/wp-content\/uploads\/2022\/03\/fakturace.png","type":"","width":"","height":""}],"twitter_card":"summary_large_image","twitter_misc":{"Odhadovan\u00e1 doba \u010dten\u00ed":"2 minuty"},"schema":{"@context":"https:\/\/schema.org","@graph":[{"@type":"WebPage","@id":"https:\/\/www.grafianova.cz\/web\/fakturace\/","url":"https:\/\/www.grafianova.cz\/web\/fakturace\/","name":"Fakturace - GRAFIA NOVA","isPartOf":{"@id":"https:\/\/www.grafianova.cz\/web\/#website"},"primaryImageOfPage":{"@id":"https:\/\/www.grafianova.cz\/web\/fakturace\/#primaryimage"},"image":{"@id":"https:\/\/www.grafianova.cz\/web\/fakturace\/#primaryimage"},"thumbnailUrl":"https:\/\/www.grafianova.cz\/web\/wp-content\/uploads\/2022\/03\/fakturace.png","datePublished":"2022-02-10T11:51:59+00:00","dateModified":"2025-11-12T11:18:54+00:00","description":"V\u0161echny d\u016fle\u017eit\u00e9 informace, kter\u00e9 pot\u0159ebujete v\u011bd\u011bt k fakturac\u00edm. Platbu je mo\u017en\u00e9 uskute\u010dnit bankovn\u00edm p\u0159evodem nebo hotov\u011b v m\u00edst\u011b firmy.","breadcrumb":{"@id":"https:\/\/www.grafianova.cz\/web\/fakturace\/#breadcrumb"},"inLanguage":"cs","potentialAction":[{"@type":"ReadAction","target":["https:\/\/www.grafianova.cz\/web\/fakturace\/"]}]},{"@type":"ImageObject","inLanguage":"cs","@id":"https:\/\/www.grafianova.cz\/web\/fakturace\/#primaryimage","url":"https:\/\/www.grafianova.cz\/web\/wp-content\/uploads\/2022\/03\/fakturace.png","contentUrl":"https:\/\/www.grafianova.cz\/web\/wp-content\/uploads\/2022\/03\/fakturace.png","width":902,"height":695},{"@type":"BreadcrumbList","@id":"https:\/\/www.grafianova.cz\/web\/fakturace\/#breadcrumb","itemListElement":[{"@type":"ListItem","position":1,"name":"Dom\u016f","item":"https:\/\/www.grafianova.cz\/web\/"},{"@type":"ListItem","position":2,"name":"Fakturace"}]},{"@type":"WebSite","@id":"https:\/\/www.grafianova.cz\/web\/#website","url":"https:\/\/www.grafianova.cz\/web\/","name":"GRAFIA NOVA","description":"tisk\u00e1rna | grafick\u00e9 studio | ateli\u00e9r","publisher":{"@id":"https:\/\/www.grafianova.cz\/web\/#organization"},"alternateName":"tisk\u00e1rna Grafia nova","potentialAction":[{"@type":"SearchAction","target":{"@type":"EntryPoint","urlTemplate":"https:\/\/www.grafianova.cz\/web\/?s={search_term_string}"},"query-input":{"@type":"PropertyValueSpecification","valueRequired":true,"valueName":"search_term_string"}}],"inLanguage":"cs"},{"@type":"Organization","@id":"https:\/\/www.grafianova.cz\/web\/#organization","name":"GRAFIA NOVA s.r.o.","url":"https:\/\/www.grafianova.cz\/web\/","logo":{"@type":"ImageObject","inLanguage":"cs","@id":"https:\/\/www.grafianova.cz\/web\/#\/schema\/logo\/image\/","url":"https:\/\/www.grafianova.cz\/web\/wp-content\/uploads\/2022\/01\/logo_260x150.png","contentUrl":"https:\/\/www.grafianova.cz\/web\/wp-content\/uploads\/2022\/01\/logo_260x150.png","width":260,"height":150,"caption":"GRAFIA NOVA s.r.o."},"image":{"@id":"https:\/\/www.grafianova.cz\/web\/#\/schema\/logo\/image\/"},"sameAs":["https:\/\/www.facebook.com\/profile.php?id=100083415764595","https:\/\/www.instagram.com\/grafia_nova\/"]}]}},"_links":{"self":[{"href":"https:\/\/www.grafianova.cz\/web\/wp-json\/wp\/v2\/pages\/573","targetHints":{"allow":["GET"]}}],"collection":[{"href":"https:\/\/www.grafianova.cz\/web\/wp-json\/wp\/v2\/pages"}],"about":[{"href":"https:\/\/www.grafianova.cz\/web\/wp-json\/wp\/v2\/types\/page"}],"author":[{"embeddable":true,"href":"https:\/\/www.grafianova.cz\/web\/wp-json\/wp\/v2\/users\/1"}],"replies":[{"embeddable":true,"href":"https:\/\/www.grafianova.cz\/web\/wp-json\/wp\/v2\/comments?post=573"}],"version-history":[{"count":17,"href":"https:\/\/www.grafianova.cz\/web\/wp-json\/wp\/v2\/pages\/573\/revisions"}],"predecessor-version":[{"id":1222,"href":"https:\/\/www.grafianova.cz\/web\/wp-json\/wp\/v2\/pages\/573\/revisions\/1222"}],"wp:attachment":[{"href":"https:\/\/www.grafianova.cz\/web\/wp-json\/wp\/v2\/media?parent=573"}],"curies":[{"name":"wp","href":"https:\/\/api.w.org\/{rel}","templated":true}]}}