{"id":286,"date":"2022-02-01T10:00:35","date_gmt":"2022-02-01T09:00:35","guid":{"rendered":"https:\/\/www.grafianova.cz\/web\/?page_id=286"},"modified":"2022-08-15T07:29:34","modified_gmt":"2022-08-15T05:29:34","slug":"digitalni-tisk","status":"publish","type":"page","link":"https:\/\/www.grafianova.cz\/web\/digitalni-tisk\/","title":{"rendered":"Digit\u00e1ln\u00ed tisk"},"content":{"rendered":"<p>[et_pb_section fb_built=&#8220;1&#8243; specialty=&#8220;on&#8220; admin_label=&#8220;Ofsetovy tisk&#8220; _builder_version=&#8220;4.16&#8243; _module_preset=&#8220;default&#8220; use_background_color_gradient=&#8220;on&#8220; background_color_gradient_stops=&#8220;#ffffff 0%|gcid-8b9c6025-79f6-4dd9-ac96-9d7926cfdbc8 100%&#8220; background_color_gradient_start=&#8220;#ffffff&#8220; background_color_gradient_end=&#8220;gcid-8b9c6025-79f6-4dd9-ac96-9d7926cfdbc8&#8243; background_image=&#8220;https:\/\/www.grafianova.cz\/web\/wp-content\/uploads\/2022\/01\/blue-bg-top-01.png&#8220; background_size=&#8220;contain&#8220; background_position=&#8220;top_right&#8220; height=&#8220;742px&#8220; custom_margin=&#8220;-140px||||false|false&#8220; custom_margin_tablet=&#8220;-116px||||false|false&#8220; custom_margin_phone=&#8220;-116px||||false|false&#8220; custom_margin_last_edited=&#8220;on|desktop&#8220; custom_padding=&#8220;||0px||false|false&#8220; background_last_edited=&#8220;on|phone&#8220; background_image_tablet=&#8220;https:\/\/www.grafianova.cz\/web\/wp-content\/uploads\/2022\/03\/blue-bg-top-768-px.png&#8220; background_image_phone=&#8220;https:\/\/www.grafianova.cz\/web\/wp-content\/uploads\/2022\/03\/blue-bg-top-400-px.png&#8220; background_enable_image_tablet=&#8220;on&#8220; background_enable_image_phone=&#8220;on&#8220; global_colors_info=&#8220;{%22gcid-8b9c6025-79f6-4dd9-ac96-9d7926cfdbc8%22:%91%22colorEnd%22%93}&#8220;][et_pb_column type=&#8220;1_2&#8243; specialty_columns=&#8220;2&#8243; _builder_version=&#8220;4.16&#8243; custom_padding=&#8220;|||&#8220; global_colors_info=&#8220;{}&#8220; custom_padding__hover=&#8220;|||&#8220;][et_pb_row_inner module_id=&#8220;tiskarna&#8220; _builder_version=&#8220;4.16&#8243; _module_preset=&#8220;default&#8220; custom_margin=&#8220;|||-27px||&#8220; custom_padding=&#8220;113px|||||&#8220; global_colors_info=&#8220;{}&#8220;][et_pb_column_inner saved_specialty_column_type=&#8220;1_2&#8243; _builder_version=&#8220;4.16&#8243; _module_preset=&#8220;default&#8220; global_colors_info=&#8220;{}&#8220;][et_pb_text _builder_version=&#8220;4.16&#8243; _module_preset=&#8220;default&#8220; header_2_text_color=&#8220;#000000&#8243; header_2_font_size=&#8220;80px&#8220; custom_margin=&#8220;||16px|||&#8220; header_2_font_size_tablet=&#8220;80px&#8220; header_2_font_size_phone=&#8220;40px&#8220; header_2_font_size_last_edited=&#8220;on|phone&#8220; global_colors_info=&#8220;{}&#8220;]<\/p>\n<h2>Digit\u00e1ln\u00ed<\/h2>\n<p>[\/et_pb_text][et_pb_text _builder_version=&#8220;4.16&#8243; _module_preset=&#8220;default&#8220; header_font=&#8220;DINPro-Black|||on|||||&#8220; header_font_size=&#8220;80px&#8220; header_2_text_color=&#8220;#000000&#8243; header_2_font_size=&#8220;80px&#8220; custom_margin=&#8220;||25px|||&#8220; header_font_size_tablet=&#8220;80px&#8220; header_font_size_phone=&#8220;40px&#8220; header_font_size_last_edited=&#8220;on|phone&#8220; global_colors_info=&#8220;{}&#8220;]<\/p>\n<h1>tisk<\/h1>\n<p>[\/et_pb_text][et_pb_text _builder_version=&#8220;4.16&#8243; _module_preset=&#8220;default&#8220; global_colors_info=&#8220;{}&#8220;]<\/p>\n<p><span>Pro pot\u0159eby operativn\u00edho nebo men\u0161\u00edho mno\u017estv\u00ed tiskovin V\u00e1m nab\u00edz\u00edme malon\u00e1kladov\u00fd tisk na laserov\u00e9m stroji\u00a0<\/span><b>Xerox Versant 180 Press. <\/b>B\u011b\u017en\u011b na n\u011bm tiskneme r\u016fzn\u00e9 karti\u010dky, vizitky, svatebn\u00ed ozn\u00e1men\u00ed&#8230;<\/p>\n<p><span>U malon\u00e1kladov\u00e9ho (digit\u00e1ln\u00edho) tisku nen\u00ed probl\u00e9m\u00a0 d\u011blat jak\u00e9koliv dal\u0161\u00ed kniha\u0159sk\u00e9 zpracov\u00e1n\u00ed (vazba V1, V2, perforace, falcov\u00e1n\u00ed apod.).<\/span><\/p>\n<p>[\/et_pb_text][\/et_pb_column_inner][\/et_pb_row_inner][\/et_pb_column][et_pb_column type=&#8220;1_2&#8243; _builder_version=&#8220;4.16&#8243; custom_padding=&#8220;|||&#8220; global_colors_info=&#8220;{}&#8220; custom_padding__hover=&#8220;|||&#8220;][et_pb_code disabled_on=&#8220;on|on|off&#8220; admin_label=&#8220;obrazek-tiskar&#8220; _builder_version=&#8220;4.16&#8243; _module_preset=&#8220;default&#8220; width=&#8220;878px&#8220; width_tablet=&#8220;50%&#8220; width_phone=&#8220;50%&#8220; width_last_edited=&#8220;on|tablet&#8220; max_width=&#8220;886px&#8220; max_width_tablet=&#8220;886px&#8220; max_width_phone=&#8220;886px&#8220; max_width_last_edited=&#8220;on|tablet&#8220; custom_margin=&#8220;-29px|||-90px|false|false&#8220; custom_margin_tablet=&#8220;-550px|||371px|false|false&#8220; custom_margin_phone=&#8220;-550px|||371px|false|false&#8220; custom_margin_last_edited=&#8220;on|tablet&#8220; custom_padding=&#8220;63px|0px||0px||&#8220; global_colors_info=&#8220;{}&#8220;]<\/p>\n<div class=\"container\"><!-- [et_pb_line_break_holder] -->\t<\/p>\n<div class=\"avatar\"><!-- [et_pb_line_break_holder] -->\t\t\t<img decoding=\"async\" data-src=\"https:\/\/www.grafianova.cz\/web\/wp-content\/uploads\/2022\/02\/malonaklad-01.png\" alt=\"\" src=\"data:image\/gif;base64,R0lGODlhAQABAAAAACH5BAEKAAEALAAAAAABAAEAAAICTAEAOw==\" class=\"lazyload\" style=\"--smush-placeholder-width: 1017px; --smush-placeholder-aspect-ratio: 1017\/618;\" \/><noscript><img decoding=\"async\" src=\"https:\/\/www.grafianova.cz\/web\/wp-content\/uploads\/2022\/02\/malonaklad-01.png\" alt=\"\" \/><\/noscript><!-- [et_pb_line_break_holder] -->\t\t<\/a><!-- [et_pb_line_break_holder] -->\t<\/div>\n<\/div>\n<p>[\/et_pb_code][\/et_pb_column][\/et_pb_section][et_pb_section fb_built=&#8220;1&#8243; _builder_version=&#8220;4.16&#8243; _module_preset=&#8220;default&#8220; background_color=&#8220;gcid-8b9c6025-79f6-4dd9-ac96-9d7926cfdbc8&#8243; background_image=&#8220;https:\/\/www.grafianova.cz\/web\/wp-content\/uploads\/2022\/01\/sluzby-bg-left-01.png&#8220; background_size=&#8220;initial&#8220; background_position=&#8220;bottom_left&#8220; custom_padding=&#8220;0px|||||&#8220; global_colors_info=&#8220;{%22gcid-8b9c6025-79f6-4dd9-ac96-9d7926cfdbc8%22:%91%22background_color%22%93}&#8220;][et_pb_row _builder_version=&#8220;4.16&#8243; _module_preset=&#8220;default&#8220; global_colors_info=&#8220;{}&#8220;][et_pb_column type=&#8220;4_4&#8243; _builder_version=&#8220;4.16&#8243; _module_preset=&#8220;default&#8220; global_colors_info=&#8220;{}&#8220;][et_pb_text _builder_version=&#8220;4.16&#8243; _module_preset=&#8220;default&#8220; header_2_text_color=&#8220;#000000&#8243; header_2_font_size=&#8220;80px&#8220; custom_margin=&#8220;||16px|||&#8220; scroll_fade_enable=&#8220;on&#8220; scroll_fade=&#8220;0|50|50|100|20%|100|100&#8243; header_2_font_size_tablet=&#8220;80px&#8220; header_2_font_size_phone=&#8220;40px&#8220; header_2_font_size_last_edited=&#8220;on|phone&#8220; global_colors_info=&#8220;{}&#8220;]<\/p>\n<h2>Tiskov\u00e9<\/h2>\n<p>[\/et_pb_text][et_pb_text _builder_version=&#8220;4.16&#8243; _module_preset=&#8220;default&#8220; header_font=&#8220;DINPro-Black|||on|||||&#8220; header_font_size=&#8220;80px&#8220; header_2_text_color=&#8220;#000000&#8243; header_2_font_size=&#8220;80px&#8220; custom_margin=&#8220;||25px|||&#8220; scroll_fade_enable=&#8220;on&#8220; scroll_fade=&#8220;0|50|50|100|20%|100|100&#8243; header_font_size_tablet=&#8220;80px&#8220; header_font_size_phone=&#8220;40px&#8220; header_font_size_last_edited=&#8220;on|phone&#8220; global_colors_info=&#8220;{}&#8220;]<\/p>\n<h1>parametry<\/h1>\n<p>[\/et_pb_text][\/et_pb_column][\/et_pb_row][et_pb_row column_structure=&#8220;1_2,1_2&#8243; use_custom_gutter=&#8220;on&#8220; gutter_width=&#8220;2&#8243; _builder_version=&#8220;4.16&#8243; _module_preset=&#8220;default&#8220; custom_margin=&#8220;||||false|false&#8220; custom_padding=&#8220;||||false|false&#8220; global_colors_info=&#8220;{}&#8220;][et_pb_column type=&#8220;1_2&#8243; _builder_version=&#8220;4.16&#8243; _module_preset=&#8220;default&#8220; background_color=&#8220;#FFFFFF&#8220; custom_padding=&#8220;66px|80px|66px|80px|false|true&#8220; custom_padding_tablet=&#8220;66px|80px|66px|80px|false|true&#8220; custom_padding_phone=&#8220;20px|20px|20px|20px|true|true&#8220; custom_padding_last_edited=&#8220;on|phone&#8220; global_colors_info=&#8220;{}&#8220;][et_pb_text _builder_version=&#8220;4.16&#8243; _module_preset=&#8220;default&#8220; header_2_font=&#8220;DINPro-Black|||on|||||&#8220; global_colors_info=&#8220;{}&#8220;]<\/p>\n<h2>Xerox Versant 180 press<\/h2>\n<p>[\/et_pb_text][et_pb_button button_text=&#8220;| CMYK&#8220; button_alignment=&#8220;center&#8220; _builder_version=&#8220;4.16&#8243; _module_preset=&#8220;default&#8220; custom_button=&#8220;on&#8220; button_text_size=&#8220;46px&#8220; button_text_color=&#8220;#000000&#8243; button_bg_color=&#8220;gcid-4cbef9c5-8612-4699-b06d-bc9cb08cbde9&#8243; button_border_radius=&#8220;0px&#8220; button_icon=&#8220;&#xf576;||fa||900&#8243; button_icon_placement=&#8220;left&#8220; button_on_hover=&#8220;off&#8220; animation_style=&#8220;zoom&#8220; global_colors_info=&#8220;{%22gcid-4cbef9c5-8612-4699-b06d-bc9cb08cbde9%22:%91%22button_bg_color%22%93}&#8220;][\/et_pb_button][et_pb_text _builder_version=&#8220;4.16&#8243; _module_preset=&#8220;default&#8220; ul_line_height=&#8220;1.8em&#8220; global_colors_info=&#8220;{}&#8220;]<\/p>\n<ul>\n<li>max. form\u00e1t oboustrann\u011b = 330 x 488 mm <br \/>(max. 220 <span>g\/m\u00b2<\/span>)<\/li>\n<li>max. gram\u00e1\u017e oboustrann\u011b = 300 <span>g\/m\u00b2 p\u0159i maxim\u00e1ln\u00ed velikosti pap\u00edru<\/span> 450 x 320 mm<\/li>\n<li>max. form\u00e1t jednostrann\u011b = 660 x 330 mm\u00a0<br \/>(max. 220 <span>g\/m\u00b2<\/span>)<\/li>\n<li>min. form\u00e1t = 146 x 98 mm<\/li>\n<li>netisknuteln\u00e1 plocha je 5 mm od okraj\u016f pap\u00edru<\/li>\n<li>standardn\u00ed funkce: b<span>arevn\u00fd tisk, kop\u00edrov\u00e1n\u00ed a skenov\u00e1n\u00ed<\/span><\/li>\n<\/ul>\n<p>[\/et_pb_text][et_pb_image src=&#8220;https:\/\/www.grafianova.cz\/web\/wp-content\/uploads\/2022\/02\/xerox.png&#8220; title_text=&#8220;xerox&#8220; _builder_version=&#8220;4.16&#8243; _module_preset=&#8220;default&#8220; global_colors_info=&#8220;{}&#8220;][\/et_pb_image][\/et_pb_column][et_pb_column type=&#8220;1_2&#8243; _builder_version=&#8220;4.16&#8243; _module_preset=&#8220;default&#8220; background_color=&#8220;#FFFFFF&#8220; custom_padding=&#8220;66px|80px|66px|80px|true|true&#8220; custom_padding_tablet=&#8220;66px|80px|66px|80px|true|true&#8220; custom_padding_phone=&#8220;20px|20px|20px|20px|true|true&#8220; custom_padding_last_edited=&#8220;on|phone&#8220; global_colors_info=&#8220;{}&#8220;][et_pb_text _builder_version=&#8220;4.16&#8243; _module_preset=&#8220;default&#8220; header_2_font=&#8220;DINPro-Black|||on|||||&#8220; global_colors_info=&#8220;{}&#8220;]<\/p>\n<h2>Pap\u00edry k dispozici<\/h2>\n<p>[\/et_pb_text][et_pb_text _builder_version=&#8220;4.16&#8243; _module_preset=&#8220;default&#8220; ul_line_height=&#8220;1.8em&#8220; global_colors_info=&#8220;{}&#8220;]<\/p>\n<p>Zde uv\u00e1d\u00edme nej\u010dast\u011bji pou\u017e\u00edv\u00e1n\u00e9 druhy pap\u00edr\u016f:<\/p>\n<ul>\n<li>K\u0159\u00edda leskl\u00e1 (90 \u2013 350 <span>g\/m\u00b2<\/span>)<\/li>\n<li>K\u0159\u00edda matn\u00e1 (90 \u2013 350 <span>g\/m\u00b2<\/span>)<\/li>\n<li>Ofsetov\u00fd (r\u016fzn\u00e9 gram\u00e1\u017ee)<\/li>\n<li>Digicolor (90, 160, 300 <span>g\/m\u00b2<\/span>)<\/li>\n<li>Samolepka nenat\u00edran\u00e1<\/li>\n<li>Samolepka leskl\u00e1<\/li>\n<li>Pohlednicov\u00fd pap\u00edr<\/li>\n<\/ul>\n<p>[\/et_pb_text][\/et_pb_column][\/et_pb_row][\/et_pb_section]<\/p>\n","protected":false},"excerpt":{"rendered":"<p>Digit\u00e1ln\u00edtiskPro pot\u0159eby operativn\u00edho nebo men\u0161\u00edho mno\u017estv\u00ed tiskovin V\u00e1m nab\u00edz\u00edme malon\u00e1kladov\u00fd tisk na laserov\u00e9m stroji\u00a0Xerox Versant 180 Press. B\u011b\u017en\u011b na n\u011bm tiskneme r\u016fzn\u00e9 karti\u010dky, vizitky, svatebn\u00ed ozn\u00e1men\u00ed&#8230; U malon\u00e1kladov\u00e9ho (digit\u00e1ln\u00edho) tisku nen\u00ed probl\u00e9m\u00a0 d\u011blat jak\u00e9koliv dal\u0161\u00ed kniha\u0159sk\u00e9 zpracov\u00e1n\u00ed (vazba V1, V2, perforace, falcov\u00e1n\u00ed apod.).Tiskov\u00e9parametryXerox Versant 180 press max. form\u00e1t oboustrann\u011b = 330 x 488 mm (max. [&hellip;]<\/p>\n","protected":false},"author":1,"featured_media":0,"parent":0,"menu_order":0,"comment_status":"closed","ping_status":"closed","template":"","meta":{"_et_pb_use_builder":"on","_et_pb_old_content":"<!-- wp:divi\/placeholder \/-->","_et_gb_content_width":"","footnotes":""},"class_list":["post-286","page","type-page","status-publish","hentry"],"yoast_head":"<!-- This site is optimized with the Yoast SEO plugin v27.4 - https:\/\/yoast.com\/product\/yoast-seo-wordpress\/ -->\n<title>Digit\u00e1ln\u00ed tisk - GRAFIA NOVA<\/title>\n<meta name=\"description\" content=\"Tiskeneme digit\u00e1ln\u011b. Rychle, kvalitn\u011b a dokonce ji\u017e od 1 kusu. Tato metoda je vhodn\u00e1 pro zak\u00e1zky mal\u00e9ho n\u00e1kladu.\" \/>\n<meta name=\"robots\" content=\"index, follow, max-snippet:-1, max-image-preview:large, max-video-preview:-1\" \/>\n<link rel=\"canonical\" href=\"https:\/\/www.grafianova.cz\/web\/digitalni-tisk\/\" \/>\n<meta property=\"og:locale\" content=\"cs_CZ\" \/>\n<meta property=\"og:type\" content=\"article\" \/>\n<meta property=\"og:title\" content=\"Digit\u00e1ln\u00ed tisk\" \/>\n<meta property=\"og:description\" content=\"Tiskeneme digit\u00e1ln\u011b. Rychle, kvalitn\u011b a dokonce ji\u017e od 1 kusu. Tato metoda je vhodn\u00e1 pro zak\u00e1zky mal\u00e9ho n\u00e1kladu.\" \/>\n<meta property=\"og:url\" content=\"https:\/\/www.grafianova.cz\/web\/digitalni-tisk\/\" \/>\n<meta property=\"og:site_name\" content=\"GRAFIA NOVA\" \/>\n<meta property=\"article:publisher\" content=\"https:\/\/www.facebook.com\/profile.php?id=100083415764595\" \/>\n<meta property=\"article:modified_time\" content=\"2022-08-15T05:29:34+00:00\" \/>\n<meta property=\"og:image\" content=\"https:\/\/www.grafianova.cz\/web\/wp-content\/uploads\/2022\/02\/xerox.png\" \/>\n\t<meta property=\"og:image:width\" content=\"515\" \/>\n\t<meta property=\"og:image:height\" content=\"215\" \/>\n\t<meta property=\"og:image:type\" content=\"image\/png\" \/>\n<meta name=\"twitter:card\" content=\"summary_large_image\" \/>\n<meta name=\"twitter:title\" content=\"Digit\u00e1ln\u00ed tisk\" \/>\n<meta name=\"twitter:description\" content=\"Tiskeneme digit\u00e1ln\u011b. Rychle, kvalitn\u011b a dokonce ji\u017e od 1 kusu. Tato metoda je vhodn\u00e1 pro zak\u00e1zky mal\u00e9ho n\u00e1kladu.\" \/>\n<meta name=\"twitter:image\" content=\"https:\/\/www.grafianova.cz\/web\/wp-content\/uploads\/2022\/02\/xerox.png\" \/>\n<meta name=\"twitter:label1\" content=\"Odhadovan\u00e1 doba \u010dten\u00ed\" \/>\n\t<meta name=\"twitter:data1\" content=\"3 minuty\" \/>\n<script type=\"application\/ld+json\" class=\"yoast-schema-graph\">{\"@context\":\"https:\\\/\\\/schema.org\",\"@graph\":[{\"@type\":\"WebPage\",\"@id\":\"https:\\\/\\\/www.grafianova.cz\\\/web\\\/digitalni-tisk\\\/\",\"url\":\"https:\\\/\\\/www.grafianova.cz\\\/web\\\/digitalni-tisk\\\/\",\"name\":\"Digit\u00e1ln\u00ed tisk - GRAFIA NOVA\",\"isPartOf\":{\"@id\":\"https:\\\/\\\/www.grafianova.cz\\\/web\\\/#website\"},\"primaryImageOfPage\":{\"@id\":\"https:\\\/\\\/www.grafianova.cz\\\/web\\\/digitalni-tisk\\\/#primaryimage\"},\"image\":{\"@id\":\"https:\\\/\\\/www.grafianova.cz\\\/web\\\/digitalni-tisk\\\/#primaryimage\"},\"thumbnailUrl\":\"https:\\\/\\\/www.grafianova.cz\\\/web\\\/wp-content\\\/uploads\\\/2022\\\/02\\\/malonaklad-01.png\",\"datePublished\":\"2022-02-01T09:00:35+00:00\",\"dateModified\":\"2022-08-15T05:29:34+00:00\",\"description\":\"Tiskeneme digit\u00e1ln\u011b. Rychle, kvalitn\u011b a dokonce ji\u017e od 1 kusu. Tato metoda je vhodn\u00e1 pro zak\u00e1zky mal\u00e9ho n\u00e1kladu.\",\"breadcrumb\":{\"@id\":\"https:\\\/\\\/www.grafianova.cz\\\/web\\\/digitalni-tisk\\\/#breadcrumb\"},\"inLanguage\":\"cs\",\"potentialAction\":[{\"@type\":\"ReadAction\",\"target\":[\"https:\\\/\\\/www.grafianova.cz\\\/web\\\/digitalni-tisk\\\/\"]}]},{\"@type\":\"ImageObject\",\"inLanguage\":\"cs\",\"@id\":\"https:\\\/\\\/www.grafianova.cz\\\/web\\\/digitalni-tisk\\\/#primaryimage\",\"url\":\"https:\\\/\\\/www.grafianova.cz\\\/web\\\/wp-content\\\/uploads\\\/2022\\\/02\\\/malonaklad-01.png\",\"contentUrl\":\"https:\\\/\\\/www.grafianova.cz\\\/web\\\/wp-content\\\/uploads\\\/2022\\\/02\\\/malonaklad-01.png\",\"width\":1017,\"height\":618},{\"@type\":\"BreadcrumbList\",\"@id\":\"https:\\\/\\\/www.grafianova.cz\\\/web\\\/digitalni-tisk\\\/#breadcrumb\",\"itemListElement\":[{\"@type\":\"ListItem\",\"position\":1,\"name\":\"Dom\u016f\",\"item\":\"https:\\\/\\\/www.grafianova.cz\\\/web\\\/\"},{\"@type\":\"ListItem\",\"position\":2,\"name\":\"Digit\u00e1ln\u00ed tisk\"}]},{\"@type\":\"WebSite\",\"@id\":\"https:\\\/\\\/www.grafianova.cz\\\/web\\\/#website\",\"url\":\"https:\\\/\\\/www.grafianova.cz\\\/web\\\/\",\"name\":\"GRAFIA NOVA\",\"description\":\"tisk\u00e1rna | grafick\u00e9 studio | ateli\u00e9r\",\"publisher\":{\"@id\":\"https:\\\/\\\/www.grafianova.cz\\\/web\\\/#organization\"},\"alternateName\":\"tisk\u00e1rna Grafia nova\",\"potentialAction\":[{\"@type\":\"SearchAction\",\"target\":{\"@type\":\"EntryPoint\",\"urlTemplate\":\"https:\\\/\\\/www.grafianova.cz\\\/web\\\/?s={search_term_string}\"},\"query-input\":{\"@type\":\"PropertyValueSpecification\",\"valueRequired\":true,\"valueName\":\"search_term_string\"}}],\"inLanguage\":\"cs\"},{\"@type\":\"Organization\",\"@id\":\"https:\\\/\\\/www.grafianova.cz\\\/web\\\/#organization\",\"name\":\"GRAFIA NOVA s.r.o.\",\"url\":\"https:\\\/\\\/www.grafianova.cz\\\/web\\\/\",\"logo\":{\"@type\":\"ImageObject\",\"inLanguage\":\"cs\",\"@id\":\"https:\\\/\\\/www.grafianova.cz\\\/web\\\/#\\\/schema\\\/logo\\\/image\\\/\",\"url\":\"https:\\\/\\\/www.grafianova.cz\\\/web\\\/wp-content\\\/uploads\\\/2022\\\/01\\\/logo_260x150.png\",\"contentUrl\":\"https:\\\/\\\/www.grafianova.cz\\\/web\\\/wp-content\\\/uploads\\\/2022\\\/01\\\/logo_260x150.png\",\"width\":260,\"height\":150,\"caption\":\"GRAFIA NOVA s.r.o.\"},\"image\":{\"@id\":\"https:\\\/\\\/www.grafianova.cz\\\/web\\\/#\\\/schema\\\/logo\\\/image\\\/\"},\"sameAs\":[\"https:\\\/\\\/www.facebook.com\\\/profile.php?id=100083415764595\",\"https:\\\/\\\/www.instagram.com\\\/grafia_nova\\\/\"]}]}<\/script>\n<!-- \/ Yoast SEO plugin. -->","yoast_head_json":{"title":"Digit\u00e1ln\u00ed tisk - GRAFIA NOVA","description":"Tiskeneme digit\u00e1ln\u011b. Rychle, kvalitn\u011b a dokonce ji\u017e od 1 kusu. Tato metoda je vhodn\u00e1 pro zak\u00e1zky mal\u00e9ho n\u00e1kladu.","robots":{"index":"index","follow":"follow","max-snippet":"max-snippet:-1","max-image-preview":"max-image-preview:large","max-video-preview":"max-video-preview:-1"},"canonical":"https:\/\/www.grafianova.cz\/web\/digitalni-tisk\/","og_locale":"cs_CZ","og_type":"article","og_title":"Digit\u00e1ln\u00ed tisk","og_description":"Tiskeneme digit\u00e1ln\u011b. Rychle, kvalitn\u011b a dokonce ji\u017e od 1 kusu. Tato metoda je vhodn\u00e1 pro zak\u00e1zky mal\u00e9ho n\u00e1kladu.","og_url":"https:\/\/www.grafianova.cz\/web\/digitalni-tisk\/","og_site_name":"GRAFIA NOVA","article_publisher":"https:\/\/www.facebook.com\/profile.php?id=100083415764595","article_modified_time":"2022-08-15T05:29:34+00:00","og_image":[{"width":515,"height":215,"url":"https:\/\/www.grafianova.cz\/web\/wp-content\/uploads\/2022\/02\/xerox.png","type":"image\/png"}],"twitter_card":"summary_large_image","twitter_title":"Digit\u00e1ln\u00ed tisk","twitter_description":"Tiskeneme digit\u00e1ln\u011b. Rychle, kvalitn\u011b a dokonce ji\u017e od 1 kusu. Tato metoda je vhodn\u00e1 pro zak\u00e1zky mal\u00e9ho n\u00e1kladu.","twitter_image":"https:\/\/www.grafianova.cz\/web\/wp-content\/uploads\/2022\/02\/xerox.png","twitter_misc":{"Odhadovan\u00e1 doba \u010dten\u00ed":"3 minuty"},"schema":{"@context":"https:\/\/schema.org","@graph":[{"@type":"WebPage","@id":"https:\/\/www.grafianova.cz\/web\/digitalni-tisk\/","url":"https:\/\/www.grafianova.cz\/web\/digitalni-tisk\/","name":"Digit\u00e1ln\u00ed tisk - GRAFIA NOVA","isPartOf":{"@id":"https:\/\/www.grafianova.cz\/web\/#website"},"primaryImageOfPage":{"@id":"https:\/\/www.grafianova.cz\/web\/digitalni-tisk\/#primaryimage"},"image":{"@id":"https:\/\/www.grafianova.cz\/web\/digitalni-tisk\/#primaryimage"},"thumbnailUrl":"https:\/\/www.grafianova.cz\/web\/wp-content\/uploads\/2022\/02\/malonaklad-01.png","datePublished":"2022-02-01T09:00:35+00:00","dateModified":"2022-08-15T05:29:34+00:00","description":"Tiskeneme digit\u00e1ln\u011b. Rychle, kvalitn\u011b a dokonce ji\u017e od 1 kusu. Tato metoda je vhodn\u00e1 pro zak\u00e1zky mal\u00e9ho n\u00e1kladu.","breadcrumb":{"@id":"https:\/\/www.grafianova.cz\/web\/digitalni-tisk\/#breadcrumb"},"inLanguage":"cs","potentialAction":[{"@type":"ReadAction","target":["https:\/\/www.grafianova.cz\/web\/digitalni-tisk\/"]}]},{"@type":"ImageObject","inLanguage":"cs","@id":"https:\/\/www.grafianova.cz\/web\/digitalni-tisk\/#primaryimage","url":"https:\/\/www.grafianova.cz\/web\/wp-content\/uploads\/2022\/02\/malonaklad-01.png","contentUrl":"https:\/\/www.grafianova.cz\/web\/wp-content\/uploads\/2022\/02\/malonaklad-01.png","width":1017,"height":618},{"@type":"BreadcrumbList","@id":"https:\/\/www.grafianova.cz\/web\/digitalni-tisk\/#breadcrumb","itemListElement":[{"@type":"ListItem","position":1,"name":"Dom\u016f","item":"https:\/\/www.grafianova.cz\/web\/"},{"@type":"ListItem","position":2,"name":"Digit\u00e1ln\u00ed tisk"}]},{"@type":"WebSite","@id":"https:\/\/www.grafianova.cz\/web\/#website","url":"https:\/\/www.grafianova.cz\/web\/","name":"GRAFIA NOVA","description":"tisk\u00e1rna | grafick\u00e9 studio | ateli\u00e9r","publisher":{"@id":"https:\/\/www.grafianova.cz\/web\/#organization"},"alternateName":"tisk\u00e1rna Grafia nova","potentialAction":[{"@type":"SearchAction","target":{"@type":"EntryPoint","urlTemplate":"https:\/\/www.grafianova.cz\/web\/?s={search_term_string}"},"query-input":{"@type":"PropertyValueSpecification","valueRequired":true,"valueName":"search_term_string"}}],"inLanguage":"cs"},{"@type":"Organization","@id":"https:\/\/www.grafianova.cz\/web\/#organization","name":"GRAFIA NOVA s.r.o.","url":"https:\/\/www.grafianova.cz\/web\/","logo":{"@type":"ImageObject","inLanguage":"cs","@id":"https:\/\/www.grafianova.cz\/web\/#\/schema\/logo\/image\/","url":"https:\/\/www.grafianova.cz\/web\/wp-content\/uploads\/2022\/01\/logo_260x150.png","contentUrl":"https:\/\/www.grafianova.cz\/web\/wp-content\/uploads\/2022\/01\/logo_260x150.png","width":260,"height":150,"caption":"GRAFIA NOVA s.r.o."},"image":{"@id":"https:\/\/www.grafianova.cz\/web\/#\/schema\/logo\/image\/"},"sameAs":["https:\/\/www.facebook.com\/profile.php?id=100083415764595","https:\/\/www.instagram.com\/grafia_nova\/"]}]}},"_links":{"self":[{"href":"https:\/\/www.grafianova.cz\/web\/wp-json\/wp\/v2\/pages\/286","targetHints":{"allow":["GET"]}}],"collection":[{"href":"https:\/\/www.grafianova.cz\/web\/wp-json\/wp\/v2\/pages"}],"about":[{"href":"https:\/\/www.grafianova.cz\/web\/wp-json\/wp\/v2\/types\/page"}],"author":[{"embeddable":true,"href":"https:\/\/www.grafianova.cz\/web\/wp-json\/wp\/v2\/users\/1"}],"replies":[{"embeddable":true,"href":"https:\/\/www.grafianova.cz\/web\/wp-json\/wp\/v2\/comments?post=286"}],"version-history":[{"count":14,"href":"https:\/\/www.grafianova.cz\/web\/wp-json\/wp\/v2\/pages\/286\/revisions"}],"predecessor-version":[{"id":1052,"href":"https:\/\/www.grafianova.cz\/web\/wp-json\/wp\/v2\/pages\/286\/revisions\/1052"}],"wp:attachment":[{"href":"https:\/\/www.grafianova.cz\/web\/wp-json\/wp\/v2\/media?parent=286"}],"curies":[{"name":"wp","href":"https:\/\/api.w.org\/{rel}","templated":true}]}}